{"id":12,"date":"2016-08-21T09:51:49","date_gmt":"2016-08-21T06:51:49","guid":{"rendered":"http:\/\/www.valiniemi.com\/?page_id=12"},"modified":"2026-04-28T10:02:02","modified_gmt":"2026-04-28T07:02:02","slug":"valokuvaus","status":"publish","type":"page","link":"https:\/\/www.valiniemi.com\/?page_id=12","title":{"rendered":"Valokuvaus"},"content":{"rendered":"<p>Valokuvausharrastukseni alkoi kun hankin Canon EOS 7D Mark II -kameran.<br \/>\nP\u00e4\u00e4asiallisesti taivas, luontokuvaus ja moottoriurheilu kiinnostavina aihealueina.<br \/>\nInstagramin puolella l\u00f6ytyy nimimerkin takaa: @arskapirskana<\/p>\n<p>Toki k\u00e4nnykk\u00e4kuviakin tulee aika paljon otettua koska laadullisesti kamerat on kehittyneet varsin mainioiksi my\u00f6s puhelimessa.<\/p>\n<p>Objektiiveina t\u00e4ll\u00e4 hetkell\u00e4:<br \/>\nTamron 150-600mm F\/5-6.3 Di VC USD<br \/>\nCanon EFS 18-135mm IS STM<br \/>\nSigma 17-70mm 1:2.8-4 DC<\/p>\n<div id=\"attachment_1028\" style=\"width: 664px\" class=\"wp-caption aligncenter\"><a href=\"https:\/\/www.valiniemi.com\/wp-content\/uploads\/2016\/09\/20160826_184518.jpg\"><img loading=\"lazy\" decoding=\"async\" aria-describedby=\"caption-attachment-1028\" class=\"size-large wp-image-1028\" src=\"https:\/\/www.valiniemi.com\/wp-content\/uploads\/2016\/09\/20160826_184518-1024x576.jpg\" alt=\"Tamron SP 150-600mm F\/5-6.3 Vi VC USD\" width=\"654\" height=\"368\" srcset=\"https:\/\/www.valiniemi.com\/wp-content\/uploads\/2016\/09\/20160826_184518-1024x576.jpg 1024w, https:\/\/www.valiniemi.com\/wp-content\/uploads\/2016\/09\/20160826_184518-300x169.jpg 300w, https:\/\/www.valiniemi.com\/wp-content\/uploads\/2016\/09\/20160826_184518-768x432.jpg 768w, https:\/\/www.valiniemi.com\/wp-content\/uploads\/2016\/09\/20160826_184518-2x1.jpg 2w\" sizes=\"auto, (max-width: 654px) 100vw, 654px\" \/><\/a><p id=\"caption-attachment-1028\" class=\"wp-caption-text\">Tamron SP 150-600mm F\/5-6.3 Vi VC USD<\/p><\/div>\n<p><a href=\"https:\/\/www.valiniemi.com\/wp-content\/uploads\/2016\/09\/20160826_184451.jpg\"><img loading=\"lazy\" decoding=\"async\" class=\"size-large wp-image-1027 aligncenter\" src=\"https:\/\/www.valiniemi.com\/wp-content\/uploads\/2016\/09\/20160826_184451-1024x576.jpg\" alt=\"20160826_184451\" width=\"654\" height=\"368\" srcset=\"https:\/\/www.valiniemi.com\/wp-content\/uploads\/2016\/09\/20160826_184451-1024x576.jpg 1024w, https:\/\/www.valiniemi.com\/wp-content\/uploads\/2016\/09\/20160826_184451-300x169.jpg 300w, https:\/\/www.valiniemi.com\/wp-content\/uploads\/2016\/09\/20160826_184451-768x432.jpg 768w, https:\/\/www.valiniemi.com\/wp-content\/uploads\/2016\/09\/20160826_184451-2x1.jpg 2w\" sizes=\"auto, (max-width: 654px) 100vw, 654px\" \/><\/a><\/p>\n<p>Et\u00e4laukaisimena toimii H\u00e4hnel Captur joka onkin varsin tarpeellinen h\u00e4m\u00e4r\u00e4- ja y\u00f6kuvauksissa.<\/p>\n<p>Manfrotton kameralaukku ja tukeva kolmijalka kuuluu my\u00f6s varustukseen.<\/p>\n","protected":false},"excerpt":{"rendered":"<p>Valokuvausharrastukseni alkoi kun hankin Canon EOS 7D Mark II -kameran. P\u00e4\u00e4asiallisesti taivas, luontokuvaus ja moottoriurheilu kiinnostavina aihealueina. Instagramin puolella l\u00f6ytyy nimimerkin takaa: @arskapirskana Toki k\u00e4nnykk\u00e4kuviakin tulee aika paljon otettua koska laadullisesti kamerat on kehittyneet varsin mainioiksi my\u00f6s puhelimessa. Objektiiveina t\u00e4ll\u00e4 hetkell\u00e4: Tamron 150-600mm F\/5-6.3 Di VC USD Canon EFS 18-135mm IS STM Sigma 17-70mm 1:2.8-4 [&hellip;]<\/p>\n","protected":false},"author":1,"featured_media":0,"parent":0,"menu_order":0,"comment_status":"closed","ping_status":"closed","template":"","meta":{"footnotes":""},"class_list":["post-12","page","type-page","status-publish","hentry"],"yoast_head":"<!-- This site is optimized with the Yoast SEO plugin v27.5 - https:\/\/yoast.com\/product\/yoast-seo-wordpress\/ -->\n<title>Valokuvaus - V\u00e4liniemi<\/title>\n<meta name=\"description\" content=\"valokuvaus kalusto\" \/>\n<meta name=\"robots\" content=\"index, follow, max-snippet:-1, max-image-preview:large, max-video-preview:-1\" \/>\n<link rel=\"canonical\" href=\"https:\/\/www.valiniemi.com\/?page_id=12\" \/>\n<meta property=\"og:locale\" content=\"fi_FI\" \/>\n<meta property=\"og:type\" content=\"article\" \/>\n<meta property=\"og:title\" content=\"Valokuvaus - V\u00e4liniemi\" \/>\n<meta property=\"og:description\" content=\"valokuvaus kalusto\" \/>\n<meta property=\"og:url\" content=\"https:\/\/www.valiniemi.com\/?page_id=12\" \/>\n<meta property=\"og:site_name\" content=\"V\u00e4liniemi\" \/>\n<meta property=\"article:modified_time\" content=\"2026-04-28T07:02:02+00:00\" \/>\n<meta property=\"og:image\" content=\"http:\/\/www.valiniemi.com\/wp-content\/uploads\/2016\/09\/20160826_184518-1024x576.jpg\" \/>\n<meta name=\"twitter:card\" content=\"summary_large_image\" \/>\n<meta name=\"twitter:label1\" content=\"Arvioitu lukuaika\" \/>\n\t<meta name=\"twitter:data1\" content=\"1 minuutti\" \/>\n<script type=\"application\/ld+json\" class=\"yoast-schema-graph\">{\"@context\":\"https:\\\/\\\/schema.org\",\"@graph\":[{\"@type\":\"WebPage\",\"@id\":\"https:\\\/\\\/www.valiniemi.com\\\/?page_id=12\",\"url\":\"https:\\\/\\\/www.valiniemi.com\\\/?page_id=12\",\"name\":\"Valokuvaus - V\u00e4liniemi\",\"isPartOf\":{\"@id\":\"https:\\\/\\\/www.valiniemi.com\\\/#website\"},\"primaryImageOfPage\":{\"@id\":\"https:\\\/\\\/www.valiniemi.com\\\/?page_id=12#primaryimage\"},\"image\":{\"@id\":\"https:\\\/\\\/www.valiniemi.com\\\/?page_id=12#primaryimage\"},\"thumbnailUrl\":\"http:\\\/\\\/www.valiniemi.com\\\/wp-content\\\/uploads\\\/2016\\\/09\\\/20160826_184518-1024x576.jpg\",\"datePublished\":\"2016-08-21T06:51:49+00:00\",\"dateModified\":\"2026-04-28T07:02:02+00:00\",\"description\":\"valokuvaus kalusto\",\"breadcrumb\":{\"@id\":\"https:\\\/\\\/www.valiniemi.com\\\/?page_id=12#breadcrumb\"},\"inLanguage\":\"fi\",\"potentialAction\":[{\"@type\":\"ReadAction\",\"target\":[\"https:\\\/\\\/www.valiniemi.com\\\/?page_id=12\"]}]},{\"@type\":\"ImageObject\",\"inLanguage\":\"fi\",\"@id\":\"https:\\\/\\\/www.valiniemi.com\\\/?page_id=12#primaryimage\",\"url\":\"https:\\\/\\\/www.valiniemi.com\\\/wp-content\\\/uploads\\\/2016\\\/09\\\/20160826_184518.jpg\",\"contentUrl\":\"https:\\\/\\\/www.valiniemi.com\\\/wp-content\\\/uploads\\\/2016\\\/09\\\/20160826_184518.jpg\",\"width\":5312,\"height\":2988,\"caption\":\"Tamron SP 150-600mm F\\\/5-6.3 Vi VC USD\"},{\"@type\":\"BreadcrumbList\",\"@id\":\"https:\\\/\\\/www.valiniemi.com\\\/?page_id=12#breadcrumb\",\"itemListElement\":[{\"@type\":\"ListItem\",\"position\":1,\"name\":\"Home\",\"item\":\"https:\\\/\\\/www.valiniemi.com\\\/\"},{\"@type\":\"ListItem\",\"position\":2,\"name\":\"Valokuvaus\"}]},{\"@type\":\"WebSite\",\"@id\":\"https:\\\/\\\/www.valiniemi.com\\\/#website\",\"url\":\"https:\\\/\\\/www.valiniemi.com\\\/\",\"name\":\"V\u00e4liniemi\",\"description\":\"Enduro \\\/ Drift \\\/ Valokuvaus\",\"publisher\":{\"@id\":\"https:\\\/\\\/www.valiniemi.com\\\/#\\\/schema\\\/person\\\/edb2b68a6934a4dc1cd567773d1f454a\"},\"potentialAction\":[{\"@type\":\"SearchAction\",\"target\":{\"@type\":\"EntryPoint\",\"urlTemplate\":\"https:\\\/\\\/www.valiniemi.com\\\/?s={search_term_string}\"},\"query-input\":{\"@type\":\"PropertyValueSpecification\",\"valueRequired\":true,\"valueName\":\"search_term_string\"}}],\"inLanguage\":\"fi\"},{\"@type\":[\"Person\",\"Organization\"],\"@id\":\"https:\\\/\\\/www.valiniemi.com\\\/#\\\/schema\\\/person\\\/edb2b68a6934a4dc1cd567773d1f454a\",\"name\":\"Ari\",\"image\":{\"@type\":\"ImageObject\",\"inLanguage\":\"fi\",\"@id\":\"https:\\\/\\\/www.valiniemi.com\\\/wp-content\\\/uploads\\\/2023\\\/03\\\/20180420_194810_001-scaled.jpg\",\"url\":\"https:\\\/\\\/www.valiniemi.com\\\/wp-content\\\/uploads\\\/2023\\\/03\\\/20180420_194810_001-scaled.jpg\",\"contentUrl\":\"https:\\\/\\\/www.valiniemi.com\\\/wp-content\\\/uploads\\\/2023\\\/03\\\/20180420_194810_001-scaled.jpg\",\"width\":2560,\"height\":1920,\"caption\":\"Ari\"},\"logo\":{\"@id\":\"https:\\\/\\\/www.valiniemi.com\\\/wp-content\\\/uploads\\\/2023\\\/03\\\/20180420_194810_001-scaled.jpg\"}}]}<\/script>\n<!-- \/ Yoast SEO plugin. -->","yoast_head_json":{"title":"Valokuvaus - V\u00e4liniemi","description":"valokuvaus kalusto","robots":{"index":"index","follow":"follow","max-snippet":"max-snippet:-1","max-image-preview":"max-image-preview:large","max-video-preview":"max-video-preview:-1"},"canonical":"https:\/\/www.valiniemi.com\/?page_id=12","og_locale":"fi_FI","og_type":"article","og_title":"Valokuvaus - V\u00e4liniemi","og_description":"valokuvaus kalusto","og_url":"https:\/\/www.valiniemi.com\/?page_id=12","og_site_name":"V\u00e4liniemi","article_modified_time":"2026-04-28T07:02:02+00:00","og_image":[{"url":"http:\/\/www.valiniemi.com\/wp-content\/uploads\/2016\/09\/20160826_184518-1024x576.jpg","type":"","width":"","height":""}],"twitter_card":"summary_large_image","twitter_misc":{"Arvioitu lukuaika":"1 minuutti"},"schema":{"@context":"https:\/\/schema.org","@graph":[{"@type":"WebPage","@id":"https:\/\/www.valiniemi.com\/?page_id=12","url":"https:\/\/www.valiniemi.com\/?page_id=12","name":"Valokuvaus - V\u00e4liniemi","isPartOf":{"@id":"https:\/\/www.valiniemi.com\/#website"},"primaryImageOfPage":{"@id":"https:\/\/www.valiniemi.com\/?page_id=12#primaryimage"},"image":{"@id":"https:\/\/www.valiniemi.com\/?page_id=12#primaryimage"},"thumbnailUrl":"http:\/\/www.valiniemi.com\/wp-content\/uploads\/2016\/09\/20160826_184518-1024x576.jpg","datePublished":"2016-08-21T06:51:49+00:00","dateModified":"2026-04-28T07:02:02+00:00","description":"valokuvaus kalusto","breadcrumb":{"@id":"https:\/\/www.valiniemi.com\/?page_id=12#breadcrumb"},"inLanguage":"fi","potentialAction":[{"@type":"ReadAction","target":["https:\/\/www.valiniemi.com\/?page_id=12"]}]},{"@type":"ImageObject","inLanguage":"fi","@id":"https:\/\/www.valiniemi.com\/?page_id=12#primaryimage","url":"https:\/\/www.valiniemi.com\/wp-content\/uploads\/2016\/09\/20160826_184518.jpg","contentUrl":"https:\/\/www.valiniemi.com\/wp-content\/uploads\/2016\/09\/20160826_184518.jpg","width":5312,"height":2988,"caption":"Tamron SP 150-600mm F\/5-6.3 Vi VC USD"},{"@type":"BreadcrumbList","@id":"https:\/\/www.valiniemi.com\/?page_id=12#breadcrumb","itemListElement":[{"@type":"ListItem","position":1,"name":"Home","item":"https:\/\/www.valiniemi.com\/"},{"@type":"ListItem","position":2,"name":"Valokuvaus"}]},{"@type":"WebSite","@id":"https:\/\/www.valiniemi.com\/#website","url":"https:\/\/www.valiniemi.com\/","name":"V\u00e4liniemi","description":"Enduro \/ Drift \/ Valokuvaus","publisher":{"@id":"https:\/\/www.valiniemi.com\/#\/schema\/person\/edb2b68a6934a4dc1cd567773d1f454a"},"potentialAction":[{"@type":"SearchAction","target":{"@type":"EntryPoint","urlTemplate":"https:\/\/www.valiniemi.com\/?s={search_term_string}"},"query-input":{"@type":"PropertyValueSpecification","valueRequired":true,"valueName":"search_term_string"}}],"inLanguage":"fi"},{"@type":["Person","Organization"],"@id":"https:\/\/www.valiniemi.com\/#\/schema\/person\/edb2b68a6934a4dc1cd567773d1f454a","name":"Ari","image":{"@type":"ImageObject","inLanguage":"fi","@id":"https:\/\/www.valiniemi.com\/wp-content\/uploads\/2023\/03\/20180420_194810_001-scaled.jpg","url":"https:\/\/www.valiniemi.com\/wp-content\/uploads\/2023\/03\/20180420_194810_001-scaled.jpg","contentUrl":"https:\/\/www.valiniemi.com\/wp-content\/uploads\/2023\/03\/20180420_194810_001-scaled.jpg","width":2560,"height":1920,"caption":"Ari"},"logo":{"@id":"https:\/\/www.valiniemi.com\/wp-content\/uploads\/2023\/03\/20180420_194810_001-scaled.jpg"}}]}},"jetpack_sharing_enabled":true,"jetpack_shortlink":"https:\/\/wp.me\/P7OYs8-c","_links":{"self":[{"href":"https:\/\/www.valiniemi.com\/index.php?rest_route=\/wp\/v2\/pages\/12","targetHints":{"allow":["GET"]}}],"collection":[{"href":"https:\/\/www.valiniemi.com\/index.php?rest_route=\/wp\/v2\/pages"}],"about":[{"href":"https:\/\/www.valiniemi.com\/index.php?rest_route=\/wp\/v2\/types\/page"}],"author":[{"embeddable":true,"href":"https:\/\/www.valiniemi.com\/index.php?rest_route=\/wp\/v2\/users\/1"}],"replies":[{"embeddable":true,"href":"https:\/\/www.valiniemi.com\/index.php?rest_route=%2Fwp%2Fv2%2Fcomments&post=12"}],"version-history":[{"count":12,"href":"https:\/\/www.valiniemi.com\/index.php?rest_route=\/wp\/v2\/pages\/12\/revisions"}],"predecessor-version":[{"id":9002,"href":"https:\/\/www.valiniemi.com\/index.php?rest_route=\/wp\/v2\/pages\/12\/revisions\/9002"}],"wp:attachment":[{"href":"https:\/\/www.valiniemi.com\/index.php?rest_route=%2Fwp%2Fv2%2Fmedia&parent=12"}],"curies":[{"name":"wp","href":"https:\/\/api.w.org\/{rel}","templated":true}]}}