{"id":8070,"date":"2024-07-29T20:22:06","date_gmt":"2024-07-29T17:22:06","guid":{"rendered":"https:\/\/www.valiniemi.com\/?page_id=8070"},"modified":"2025-07-13T16:45:40","modified_gmt":"2025-07-13T13:45:40","slug":"rusted-garage-2","status":"publish","type":"page","link":"https:\/\/www.valiniemi.com\/?page_id=8070","title":{"rendered":"Rusted Garage Drift Team #48 Jere V\u00e4liniemi"},"content":{"rendered":"<p style=\"text-align: center;\">SM Pro -luokasta pronssia kaudella 2024. Uusi E92 M3 auto valmistui kaudelle 2025<\/p>\n<p style=\"text-align: center;\">Otahan somesta seurantaan ja katso miten kilpuri rakentui!<\/p>\n<p style=\"text-align: center;\">Instagram <a href=\"https:\/\/instagram.com\/rustedgarage_\">@rustedgarage_<\/a><br \/>\n<span style=\"font-size: 14px;\">Facebook <\/span><a style=\"font-size: 14px;\" href=\"https:\/\/www.facebook.com\/profile.php?id=100087351910000\">@RustedGarage DriftTeam<\/a><br \/>\n<a href=\"https:\/\/www.youtube.com\/channel\/UCj73uFEGW5TimzfZCzQLxmA\">Youtube<\/a><\/p>\n<p><img loading=\"lazy\" decoding=\"async\" class=\"aligncenter wp-image-8459 size-full\" src=\"https:\/\/www.valiniemi.com\/wp-content\/uploads\/2025\/07\/e92_profile.jpg\" alt=\"\" width=\"1200\" height=\"800\" srcset=\"https:\/\/www.valiniemi.com\/wp-content\/uploads\/2025\/07\/e92_profile.jpg 1200w, https:\/\/www.valiniemi.com\/wp-content\/uploads\/2025\/07\/e92_profile-300x200.jpg 300w, https:\/\/www.valiniemi.com\/wp-content\/uploads\/2025\/07\/e92_profile-1024x683.jpg 1024w, https:\/\/www.valiniemi.com\/wp-content\/uploads\/2025\/07\/e92_profile-768x512.jpg 768w, https:\/\/www.valiniemi.com\/wp-content\/uploads\/2025\/07\/e92_profile-2x1.jpg 2w\" sizes=\"auto, (max-width: 1200px) 100vw, 1200px\" \/><img loading=\"lazy\" decoding=\"async\" class=\"aligncenter wp-image-8302 size-full\" src=\"https:\/\/www.valiniemi.com\/wp-content\/uploads\/2025\/07\/2M6A2637.jpg\" alt=\"\" width=\"1200\" height=\"800\" srcset=\"https:\/\/www.valiniemi.com\/wp-content\/uploads\/2025\/07\/2M6A2637.jpg 1200w, https:\/\/www.valiniemi.com\/wp-content\/uploads\/2025\/07\/2M6A2637-300x200.jpg 300w, https:\/\/www.valiniemi.com\/wp-content\/uploads\/2025\/07\/2M6A2637-1024x683.jpg 1024w, https:\/\/www.valiniemi.com\/wp-content\/uploads\/2025\/07\/2M6A2637-768x512.jpg 768w, https:\/\/www.valiniemi.com\/wp-content\/uploads\/2025\/07\/2M6A2637-2x1.jpg 2w\" sizes=\"auto, (max-width: 1200px) 100vw, 1200px\" \/><\/p>\n<p><img loading=\"lazy\" decoding=\"async\" class=\"aligncenter wp-image-8453 size-full\" src=\"https:\/\/www.valiniemi.com\/wp-content\/uploads\/2025\/07\/e92_cabin.jpg\" alt=\"\" width=\"1200\" height=\"800\" srcset=\"https:\/\/www.valiniemi.com\/wp-content\/uploads\/2025\/07\/e92_cabin.jpg 1200w, https:\/\/www.valiniemi.com\/wp-content\/uploads\/2025\/07\/e92_cabin-300x200.jpg 300w, https:\/\/www.valiniemi.com\/wp-content\/uploads\/2025\/07\/e92_cabin-1024x683.jpg 1024w, https:\/\/www.valiniemi.com\/wp-content\/uploads\/2025\/07\/e92_cabin-768x512.jpg 768w, https:\/\/www.valiniemi.com\/wp-content\/uploads\/2025\/07\/e92_cabin-2x1.jpg 2w\" sizes=\"auto, (max-width: 1200px) 100vw, 1200px\" \/><\/p>\n<p><img loading=\"lazy\" decoding=\"async\" class=\"aligncenter wp-image-8454 size-full\" src=\"https:\/\/www.valiniemi.com\/wp-content\/uploads\/2025\/07\/e92_engine.jpg\" alt=\"\" width=\"1200\" height=\"800\" srcset=\"https:\/\/www.valiniemi.com\/wp-content\/uploads\/2025\/07\/e92_engine.jpg 1200w, https:\/\/www.valiniemi.com\/wp-content\/uploads\/2025\/07\/e92_engine-300x200.jpg 300w, https:\/\/www.valiniemi.com\/wp-content\/uploads\/2025\/07\/e92_engine-1024x683.jpg 1024w, https:\/\/www.valiniemi.com\/wp-content\/uploads\/2025\/07\/e92_engine-768x512.jpg 768w, https:\/\/www.valiniemi.com\/wp-content\/uploads\/2025\/07\/e92_engine-2x1.jpg 2w\" sizes=\"auto, (max-width: 1200px) 100vw, 1200px\" \/><\/p>\n","protected":false},"excerpt":{"rendered":"<p>SM Pro -luokasta pronssia kaudella 2024. Uusi E92 M3 auto valmistui kaudelle 2025 Otahan somesta seurantaan ja katso miten kilpuri rakentui! Instagram @rustedgarage_ Facebook @RustedGarage DriftTeam Youtube<\/p>\n","protected":false},"author":1,"featured_media":8450,"parent":0,"menu_order":0,"comment_status":"closed","ping_status":"closed","template":"","meta":{"jetpack_post_was_ever_published":false,"footnotes":""},"class_list":["post-8070","page","type-page","status-publish","has-post-thumbnail","hentry"],"yoast_head":"<!-- This site is optimized with the Yoast SEO plugin v27.4 - https:\/\/yoast.com\/product\/yoast-seo-wordpress\/ -->\n<title>Rusted Garage Drift Team #48 Jere V\u00e4liniemi - V\u00e4liniemi<\/title>\n<meta name=\"description\" content=\"Jere V\u00e4liniemi #48 drift sm pro, fpda\" \/>\n<meta name=\"robots\" content=\"index, follow, max-snippet:-1, max-image-preview:large, max-video-preview:-1\" \/>\n<link rel=\"canonical\" href=\"https:\/\/www.valiniemi.com\/?page_id=8070\" \/>\n<meta property=\"og:locale\" content=\"fi_FI\" \/>\n<meta property=\"og:type\" content=\"article\" \/>\n<meta property=\"og:title\" content=\"Rusted Garage Drift Team #48 Jere V\u00e4liniemi - V\u00e4liniemi\" \/>\n<meta property=\"og:description\" content=\"Jere V\u00e4liniemi #48 drift sm pro, fpda\" \/>\n<meta property=\"og:url\" content=\"https:\/\/www.valiniemi.com\/?page_id=8070\" \/>\n<meta property=\"og:site_name\" content=\"V\u00e4liniemi\" \/>\n<meta property=\"article:modified_time\" content=\"2025-07-13T13:45:40+00:00\" \/>\n<meta property=\"og:image\" content=\"https:\/\/www.valiniemi.com\/wp-content\/uploads\/2025\/07\/cropped-rustedgarage_e92.jpg\" \/>\n\t<meta property=\"og:image:width\" content=\"1200\" \/>\n\t<meta property=\"og:image:height\" content=\"399\" \/>\n\t<meta property=\"og:image:type\" content=\"image\/jpeg\" \/>\n<meta name=\"twitter:card\" content=\"summary_large_image\" \/>\n<meta name=\"twitter:label1\" content=\"Arvioitu lukuaika\" \/>\n\t<meta name=\"twitter:data1\" content=\"2 minuuttia\" \/>\n<script type=\"application\/ld+json\" class=\"yoast-schema-graph\">{\"@context\":\"https:\\\/\\\/schema.org\",\"@graph\":[{\"@type\":\"WebPage\",\"@id\":\"https:\\\/\\\/www.valiniemi.com\\\/?page_id=8070\",\"url\":\"https:\\\/\\\/www.valiniemi.com\\\/?page_id=8070\",\"name\":\"Rusted Garage Drift Team #48 Jere V\u00e4liniemi - V\u00e4liniemi\",\"isPartOf\":{\"@id\":\"https:\\\/\\\/www.valiniemi.com\\\/#website\"},\"primaryImageOfPage\":{\"@id\":\"https:\\\/\\\/www.valiniemi.com\\\/?page_id=8070#primaryimage\"},\"image\":{\"@id\":\"https:\\\/\\\/www.valiniemi.com\\\/?page_id=8070#primaryimage\"},\"thumbnailUrl\":\"https:\\\/\\\/www.valiniemi.com\\\/wp-content\\\/uploads\\\/2025\\\/07\\\/cropped-rustedgarage_e92.jpg\",\"datePublished\":\"2024-07-29T17:22:06+00:00\",\"dateModified\":\"2025-07-13T13:45:40+00:00\",\"description\":\"Jere V\u00e4liniemi #48 drift sm pro, fpda\",\"breadcrumb\":{\"@id\":\"https:\\\/\\\/www.valiniemi.com\\\/?page_id=8070#breadcrumb\"},\"inLanguage\":\"fi\",\"potentialAction\":[{\"@type\":\"ReadAction\",\"target\":[\"https:\\\/\\\/www.valiniemi.com\\\/?page_id=8070\"]}]},{\"@type\":\"ImageObject\",\"inLanguage\":\"fi\",\"@id\":\"https:\\\/\\\/www.valiniemi.com\\\/?page_id=8070#primaryimage\",\"url\":\"https:\\\/\\\/www.valiniemi.com\\\/wp-content\\\/uploads\\\/2025\\\/07\\\/cropped-rustedgarage_e92.jpg\",\"contentUrl\":\"https:\\\/\\\/www.valiniemi.com\\\/wp-content\\\/uploads\\\/2025\\\/07\\\/cropped-rustedgarage_e92.jpg\",\"width\":1200,\"height\":399},{\"@type\":\"BreadcrumbList\",\"@id\":\"https:\\\/\\\/www.valiniemi.com\\\/?page_id=8070#breadcrumb\",\"itemListElement\":[{\"@type\":\"ListItem\",\"position\":1,\"name\":\"Home\",\"item\":\"https:\\\/\\\/www.valiniemi.com\\\/\"},{\"@type\":\"ListItem\",\"position\":2,\"name\":\"Rusted Garage Drift Team #48 Jere V\u00e4liniemi\"}]},{\"@type\":\"WebSite\",\"@id\":\"https:\\\/\\\/www.valiniemi.com\\\/#website\",\"url\":\"https:\\\/\\\/www.valiniemi.com\\\/\",\"name\":\"V\u00e4liniemi\",\"description\":\"Enduro \\\/ Drift \\\/ Valokuvaus\",\"publisher\":{\"@id\":\"https:\\\/\\\/www.valiniemi.com\\\/#\\\/schema\\\/person\\\/edb2b68a6934a4dc1cd567773d1f454a\"},\"potentialAction\":[{\"@type\":\"SearchAction\",\"target\":{\"@type\":\"EntryPoint\",\"urlTemplate\":\"https:\\\/\\\/www.valiniemi.com\\\/?s={search_term_string}\"},\"query-input\":{\"@type\":\"PropertyValueSpecification\",\"valueRequired\":true,\"valueName\":\"search_term_string\"}}],\"inLanguage\":\"fi\"},{\"@type\":[\"Person\",\"Organization\"],\"@id\":\"https:\\\/\\\/www.valiniemi.com\\\/#\\\/schema\\\/person\\\/edb2b68a6934a4dc1cd567773d1f454a\",\"name\":\"Ari\",\"image\":{\"@type\":\"ImageObject\",\"inLanguage\":\"fi\",\"@id\":\"https:\\\/\\\/www.valiniemi.com\\\/wp-content\\\/uploads\\\/2023\\\/03\\\/20180420_194810_001-scaled.jpg\",\"url\":\"https:\\\/\\\/www.valiniemi.com\\\/wp-content\\\/uploads\\\/2023\\\/03\\\/20180420_194810_001-scaled.jpg\",\"contentUrl\":\"https:\\\/\\\/www.valiniemi.com\\\/wp-content\\\/uploads\\\/2023\\\/03\\\/20180420_194810_001-scaled.jpg\",\"width\":2560,\"height\":1920,\"caption\":\"Ari\"},\"logo\":{\"@id\":\"https:\\\/\\\/www.valiniemi.com\\\/wp-content\\\/uploads\\\/2023\\\/03\\\/20180420_194810_001-scaled.jpg\"}}]}<\/script>\n<!-- \/ Yoast SEO plugin. -->","yoast_head_json":{"title":"Rusted Garage Drift Team #48 Jere V\u00e4liniemi - V\u00e4liniemi","description":"Jere V\u00e4liniemi #48 drift sm pro, fpda","robots":{"index":"index","follow":"follow","max-snippet":"max-snippet:-1","max-image-preview":"max-image-preview:large","max-video-preview":"max-video-preview:-1"},"canonical":"https:\/\/www.valiniemi.com\/?page_id=8070","og_locale":"fi_FI","og_type":"article","og_title":"Rusted Garage Drift Team #48 Jere V\u00e4liniemi - V\u00e4liniemi","og_description":"Jere V\u00e4liniemi #48 drift sm pro, fpda","og_url":"https:\/\/www.valiniemi.com\/?page_id=8070","og_site_name":"V\u00e4liniemi","article_modified_time":"2025-07-13T13:45:40+00:00","og_image":[{"width":1200,"height":399,"url":"https:\/\/www.valiniemi.com\/wp-content\/uploads\/2025\/07\/cropped-rustedgarage_e92.jpg","type":"image\/jpeg"}],"twitter_card":"summary_large_image","twitter_misc":{"Arvioitu lukuaika":"2 minuuttia"},"schema":{"@context":"https:\/\/schema.org","@graph":[{"@type":"WebPage","@id":"https:\/\/www.valiniemi.com\/?page_id=8070","url":"https:\/\/www.valiniemi.com\/?page_id=8070","name":"Rusted Garage Drift Team #48 Jere V\u00e4liniemi - V\u00e4liniemi","isPartOf":{"@id":"https:\/\/www.valiniemi.com\/#website"},"primaryImageOfPage":{"@id":"https:\/\/www.valiniemi.com\/?page_id=8070#primaryimage"},"image":{"@id":"https:\/\/www.valiniemi.com\/?page_id=8070#primaryimage"},"thumbnailUrl":"https:\/\/www.valiniemi.com\/wp-content\/uploads\/2025\/07\/cropped-rustedgarage_e92.jpg","datePublished":"2024-07-29T17:22:06+00:00","dateModified":"2025-07-13T13:45:40+00:00","description":"Jere V\u00e4liniemi #48 drift sm pro, fpda","breadcrumb":{"@id":"https:\/\/www.valiniemi.com\/?page_id=8070#breadcrumb"},"inLanguage":"fi","potentialAction":[{"@type":"ReadAction","target":["https:\/\/www.valiniemi.com\/?page_id=8070"]}]},{"@type":"ImageObject","inLanguage":"fi","@id":"https:\/\/www.valiniemi.com\/?page_id=8070#primaryimage","url":"https:\/\/www.valiniemi.com\/wp-content\/uploads\/2025\/07\/cropped-rustedgarage_e92.jpg","contentUrl":"https:\/\/www.valiniemi.com\/wp-content\/uploads\/2025\/07\/cropped-rustedgarage_e92.jpg","width":1200,"height":399},{"@type":"BreadcrumbList","@id":"https:\/\/www.valiniemi.com\/?page_id=8070#breadcrumb","itemListElement":[{"@type":"ListItem","position":1,"name":"Home","item":"https:\/\/www.valiniemi.com\/"},{"@type":"ListItem","position":2,"name":"Rusted Garage Drift Team #48 Jere V\u00e4liniemi"}]},{"@type":"WebSite","@id":"https:\/\/www.valiniemi.com\/#website","url":"https:\/\/www.valiniemi.com\/","name":"V\u00e4liniemi","description":"Enduro \/ Drift \/ Valokuvaus","publisher":{"@id":"https:\/\/www.valiniemi.com\/#\/schema\/person\/edb2b68a6934a4dc1cd567773d1f454a"},"potentialAction":[{"@type":"SearchAction","target":{"@type":"EntryPoint","urlTemplate":"https:\/\/www.valiniemi.com\/?s={search_term_string}"},"query-input":{"@type":"PropertyValueSpecification","valueRequired":true,"valueName":"search_term_string"}}],"inLanguage":"fi"},{"@type":["Person","Organization"],"@id":"https:\/\/www.valiniemi.com\/#\/schema\/person\/edb2b68a6934a4dc1cd567773d1f454a","name":"Ari","image":{"@type":"ImageObject","inLanguage":"fi","@id":"https:\/\/www.valiniemi.com\/wp-content\/uploads\/2023\/03\/20180420_194810_001-scaled.jpg","url":"https:\/\/www.valiniemi.com\/wp-content\/uploads\/2023\/03\/20180420_194810_001-scaled.jpg","contentUrl":"https:\/\/www.valiniemi.com\/wp-content\/uploads\/2023\/03\/20180420_194810_001-scaled.jpg","width":2560,"height":1920,"caption":"Ari"},"logo":{"@id":"https:\/\/www.valiniemi.com\/wp-content\/uploads\/2023\/03\/20180420_194810_001-scaled.jpg"}}]}},"jetpack_sharing_enabled":true,"jetpack_shortlink":"https:\/\/wp.me\/P7OYs8-26a","_links":{"self":[{"href":"https:\/\/www.valiniemi.com\/index.php?rest_route=\/wp\/v2\/pages\/8070","targetHints":{"allow":["GET"]}}],"collection":[{"href":"https:\/\/www.valiniemi.com\/index.php?rest_route=\/wp\/v2\/pages"}],"about":[{"href":"https:\/\/www.valiniemi.com\/index.php?rest_route=\/wp\/v2\/types\/page"}],"author":[{"embeddable":true,"href":"https:\/\/www.valiniemi.com\/index.php?rest_route=\/wp\/v2\/users\/1"}],"replies":[{"embeddable":true,"href":"https:\/\/www.valiniemi.com\/index.php?rest_route=%2Fwp%2Fv2%2Fcomments&post=8070"}],"version-history":[{"count":22,"href":"https:\/\/www.valiniemi.com\/index.php?rest_route=\/wp\/v2\/pages\/8070\/revisions"}],"predecessor-version":[{"id":8465,"href":"https:\/\/www.valiniemi.com\/index.php?rest_route=\/wp\/v2\/pages\/8070\/revisions\/8465"}],"wp:featuredmedia":[{"embeddable":true,"href":"https:\/\/www.valiniemi.com\/index.php?rest_route=\/wp\/v2\/media\/8450"}],"wp:attachment":[{"href":"https:\/\/www.valiniemi.com\/index.php?rest_route=%2Fwp%2Fv2%2Fmedia&parent=8070"}],"curies":[{"name":"wp","href":"https:\/\/api.w.org\/{rel}","templated":true}]}}