{"id":200,"date":"2025-07-15T18:25:15","date_gmt":"2025-07-15T18:25:15","guid":{"rendered":"https:\/\/www.valiniemi.com\/tiinasart\/?page_id=200"},"modified":"2026-04-26T13:37:16","modified_gmt":"2026-04-26T13:37:16","slug":"tilaustoita","status":"publish","type":"page","link":"https:\/\/www.valiniemi.com\/tiinasart\/tilaustoita\/","title":{"rendered":"Tilaust\u00f6it\u00e4"},"content":{"rendered":"\n<p>Jokaisen kodin sisustus on uniikki. Sein\u00e4pinnoille halutaan asioita, jotka puhuttelevat tai ainakin muistuttavat jostain merkityksellisest\u00e4. Olenkin saanut tallentaa pinkopohjiin mm. er\u00e4\u00e4nlaista vuoren valloitusta ja suloisia koirasisaruksia. Galleriasta voit k\u00e4yd\u00e4 kuvia katsomassa. Kuvaa klikkaamalla se avautuu isommaksi. Viel\u00e4 saatavilla olevissa on hinnat esill\u00e4.<\/p>\n\n\n\n<p>Otan mielell\u00e4ni my\u00f6s tilaust\u00f6it\u00e4 vastaan. Galleriasta n\u00e4et maalaustyylini. Jos tyyli miellytt\u00e4\u00e4, niin ole rohkeasti yhteydess\u00e4. Samoin jos myynniss\u00e4 olevista tauluista joku tuntuisi omalta, postitus kotimaahan onnistuu ja taulut kotiutuu turvallisesti pakattuina.<\/p>\n\n\n\n<p>Uutena nyt my\u00f6s muraalit. Mahdollisuus saada maalaus suoraan sein\u00e4pintaan toteutettuna.<\/p>\n\n\n\n<p>Terkuin, Tiina<\/p>\n","protected":false},"excerpt":{"rendered":"<p>Jokaisen kodin sisustus on uniikki. Sein\u00e4pinnoille halutaan asioita, jotka puhuttelevat tai ainakin muistuttavat jostain merkityksellisest\u00e4. Olenkin saanut tallentaa pinkopohjiin mm. er\u00e4\u00e4nlaista vuoren valloitusta ja suloisia koirasisaruksia. Galleriasta voit k\u00e4yd\u00e4 kuvia katsomassa. Kuvaa klikkaamalla se avautuu isommaksi. Viel\u00e4 saatavilla olevissa on hinnat esill\u00e4. Otan mielell\u00e4ni my\u00f6s tilaust\u00f6it\u00e4 vastaan. Galleriasta n\u00e4et maalaustyylini. Jos tyyli miellytt\u00e4\u00e4, niin ole &hellip; <a href=\"https:\/\/www.valiniemi.com\/tiinasart\/tilaustoita\/\" class=\"more-link\">Jatka lukemista<span class=\"screen-reader-text\"> &#8221;Tilaust\u00f6it\u00e4&#8221;<\/span><\/a><\/p>\n","protected":false},"author":1,"featured_media":0,"parent":0,"menu_order":0,"comment_status":"closed","ping_status":"closed","template":"","meta":{"footnotes":""},"class_list":["post-200","page","type-page","status-publish","hentry"],"_links":{"self":[{"href":"https:\/\/www.valiniemi.com\/tiinasart\/wp-json\/wp\/v2\/pages\/200","targetHints":{"allow":["GET"]}}],"collection":[{"href":"https:\/\/www.valiniemi.com\/tiinasart\/wp-json\/wp\/v2\/pages"}],"about":[{"href":"https:\/\/www.valiniemi.com\/tiinasart\/wp-json\/wp\/v2\/types\/page"}],"author":[{"embeddable":true,"href":"https:\/\/www.valiniemi.com\/tiinasart\/wp-json\/wp\/v2\/users\/1"}],"replies":[{"embeddable":true,"href":"https:\/\/www.valiniemi.com\/tiinasart\/wp-json\/wp\/v2\/comments?post=200"}],"version-history":[{"count":3,"href":"https:\/\/www.valiniemi.com\/tiinasart\/wp-json\/wp\/v2\/pages\/200\/revisions"}],"predecessor-version":[{"id":297,"href":"https:\/\/www.valiniemi.com\/tiinasart\/wp-json\/wp\/v2\/pages\/200\/revisions\/297"}],"wp:attachment":[{"href":"https:\/\/www.valiniemi.com\/tiinasart\/wp-json\/wp\/v2\/media?parent=200"}],"curies":[{"name":"wp","href":"https:\/\/api.w.org\/{rel}","templated":true}]}}