{"id":76,"date":"2024-12-01T15:20:14","date_gmt":"2024-12-01T15:20:14","guid":{"rendered":"https:\/\/www.valiniemi.com\/tiinasart\/?page_id=76"},"modified":"2026-04-27T09:16:17","modified_gmt":"2026-04-27T09:16:17","slug":"taiteilija-taulujen-takana","status":"publish","type":"page","link":"https:\/\/www.valiniemi.com\/tiinasart\/","title":{"rendered":"Taiteilija taulujen takana"},"content":{"rendered":"\n<p>Tervehdys Etel\u00e4-Pohjanmaalta. Kipin\u00e4n maalaamiseen sain jo nuorena. Peruskoulun j\u00e4lkeen p\u00e4\u00e4dyin pariksi vuodeksi oppiin paikalliselle taiteilijalle. Harrastus oli tosin ep\u00e4s\u00e4\u00e4nn\u00f6llist\u00e4. Nuori ja naiivi ei viel\u00e4 tuolloin ymm\u00e4rt\u00e4nyt mit\u00e4 taiteilijaksi kasvamiseen vaadittaisiin. Siihen kuuluisi lukemattomia tunteja canvaspohjien ty\u00f6st\u00e4miseen, v\u00e4rien sekoittamiseen ja satoja sivellinvetoja. Opin ja erehdyksen kautta on kuljettu kohti keski-ik\u00e4\u00e4. Jokainen taulu on kuitenkin askel parempaan lopputulokseen. V\u00e4h\u00e4n kuin harjoittelukappaleita. Treenaat p\u00e4\u00e4st\u00e4ksesi p\u00e4\u00e4m\u00e4\u00e4r\u00e4\u00e4n. Ja mik\u00e4 t\u00e4rkeint\u00e4, tuolla matkalla ennen pitk\u00e4\u00e4 l\u00f6yt\u00e4\u00e4 oma tyylins\u00e4, jolla luoda taidetta.<\/p>\n\n\n\n<p>Tuolta mentoriltani sai perustiedot maalaukseen. Muuten l\u00e4hinn\u00e4 olenkin itseoppineena jatkanut. Maisemamaalaus valittuna aiheena on kulkenut samana l\u00e4pi el\u00e4m\u00e4n. Lopulta my\u00f6s oman tyylin l\u00f6yt\u00e4neen\u00e4.<\/p>\n\n\n\n<p>Aloitin harrastukseni \u00f6ljyv\u00e4reill\u00e4, mutta k\u00e4yt\u00e4nn\u00f6n syist\u00e4 akryyliv\u00e4rit valikoitui k\u00e4ytt\u00f6\u00f6n. Maalaan p\u00e4\u00e4asiassa mielikuvitukseni tuottamia maisemia. Maisema oikeastaan syntyy tai muovautuu siin\u00e4 maalauksen lomassa. Kangas tavallaan her\u00e4\u00e4 v\u00e4ritt\u00e4ess\u00e4 eloon. Maalla asuvana, luonto toimii niin innoittajana kuin voimaannuttajana. T\u00f6iss\u00e4ni saattaa n\u00e4ky\u00e4 rakkaus v\u00e4reihin. Niit\u00e4 en osaa maalatessani s\u00e4\u00e4stell\u00e4. Lopputulokset ovat v\u00e4rikyll\u00e4isi\u00e4 ja mukailee realismitaidetta.<\/p>\n\n\n\n<p>Kotini on galleriani ja haave taiteilija urasta el\u00e4\u00e4 edelleen.<\/p>\n\n\n\n<p>Tavoitat minut alla olevalla kommenttikent\u00e4ll\u00e4, tai puhelimitse: 046-9465043<\/p>\n\n\n\n<p>-Tiina-<\/p>\n","protected":false},"excerpt":{"rendered":"<p>Tervehdys Etel\u00e4-Pohjanmaalta. Kipin\u00e4n maalaamiseen sain jo nuorena. Peruskoulun j\u00e4lkeen p\u00e4\u00e4dyin pariksi vuodeksi oppiin paikalliselle taiteilijalle. Harrastus oli tosin ep\u00e4s\u00e4\u00e4nn\u00f6llist\u00e4. Nuori ja naiivi ei viel\u00e4 tuolloin ymm\u00e4rt\u00e4nyt mit\u00e4 taiteilijaksi kasvamiseen vaadittaisiin. Siihen kuuluisi lukemattomia tunteja canvaspohjien ty\u00f6st\u00e4miseen, v\u00e4rien sekoittamiseen ja satoja sivellinvetoja. Opin ja erehdyksen kautta on kuljettu kohti keski-ik\u00e4\u00e4. Jokainen taulu on kuitenkin askel parempaan &hellip; <a href=\"https:\/\/www.valiniemi.com\/tiinasart\/\" class=\"more-link\">Jatka lukemista<span class=\"screen-reader-text\"> &#8221;Taiteilija taulujen takana&#8221;<\/span><\/a><\/p>\n","protected":false},"author":1,"featured_media":0,"parent":0,"menu_order":0,"comment_status":"open","ping_status":"closed","template":"","meta":{"footnotes":""},"class_list":["post-76","page","type-page","status-publish","hentry"],"_links":{"self":[{"href":"https:\/\/www.valiniemi.com\/tiinasart\/wp-json\/wp\/v2\/pages\/76","targetHints":{"allow":["GET"]}}],"collection":[{"href":"https:\/\/www.valiniemi.com\/tiinasart\/wp-json\/wp\/v2\/pages"}],"about":[{"href":"https:\/\/www.valiniemi.com\/tiinasart\/wp-json\/wp\/v2\/types\/page"}],"author":[{"embeddable":true,"href":"https:\/\/www.valiniemi.com\/tiinasart\/wp-json\/wp\/v2\/users\/1"}],"replies":[{"embeddable":true,"href":"https:\/\/www.valiniemi.com\/tiinasart\/wp-json\/wp\/v2\/comments?post=76"}],"version-history":[{"count":10,"href":"https:\/\/www.valiniemi.com\/tiinasart\/wp-json\/wp\/v2\/pages\/76\/revisions"}],"predecessor-version":[{"id":309,"href":"https:\/\/www.valiniemi.com\/tiinasart\/wp-json\/wp\/v2\/pages\/76\/revisions\/309"}],"wp:attachment":[{"href":"https:\/\/www.valiniemi.com\/tiinasart\/wp-json\/wp\/v2\/media?parent=76"}],"curies":[{"name":"wp","href":"https:\/\/api.w.org\/{rel}","templated":true}]}}